{"id":27,"date":"2024-02-12T09:08:58","date_gmt":"2024-02-12T08:08:58","guid":{"rendered":"https:\/\/hitmedhits.dk\/index\/?page_id=27"},"modified":"2024-07-15T10:43:31","modified_gmt":"2024-07-15T08:43:31","slug":"booking","status":"publish","type":"page","link":"https:\/\/hitmedhits.dk\/index\/booking\/","title":{"rendered":"Kontakt og booking"},"content":{"rendered":"\n<div class=\"wp-block-cover alignfull has-parallax\" style=\"padding-top:15vw;padding-bottom:15vw;min-height:100vh\"><span aria-hidden=\"true\" class=\"wp-block-cover__background has-background-dim-70 has-background-dim\"><\/span><div role=\"img\" class=\"wp-block-cover__image-background wp-image-55 has-parallax\" style=\"background-position:50% 50%;background-image:url(https:\/\/hitmedhits.dk\/index\/wp-content\/uploads\/2024\/02\/pexels-mauricio-mascaro-801863-scaled.jpg)\"><\/div><div class=\"wp-block-cover__inner-container\">\n<div style=\"height:125px\" aria-hidden=\"true\" class=\"wp-block-spacer\"><\/div>\n\n\n\n<div class=\"is-layout-flex wp-container-4 wp-block-columns\">\n<div class=\"is-layout-flow wp-block-column\" style=\"flex-basis:15%\"><\/div>\n\n\n\n<div class=\"is-layout-flow wp-block-column\" style=\"flex-basis:70%\">\n<p class=\"has-text-align-center has-xxl-font-size\">Kontakt og booking<\/p>\n\n\n\n<p>Hit Med Hits spiller til alle slags fester, s\u00e5 uanset om du skal bruge bandet til et offentligt arrangement eller en privat fest, kan vi levere livemusikken. <\/p>\n\n\n\n<p>Vil du vide mere om, hvad vi kan tilbyde til din fest eller begivenhed, er du naturligvis velkommen til at kontakte os. <\/p>\n\n\n\n<p><strong>Hit Med Hits<\/strong><br>Christian Sloth<br>tlf. 2943 7292<br>booking@hitmedhits.dk<br><br>Du kan ogs\u00e5 sende en bookingforesp\u00f8rgsel via formularen herunder. S\u00e5 vender vi tilbage med et uforpligtende tilbud.<\/p>\n\n\n\n<div style=\"height:25px\" aria-hidden=\"true\" class=\"wp-block-spacer\"><\/div>\n\n\n<style id=\"wpforms-css-vars-root\">\n\t\t\t\t:root {\n\t\t\t\t\t--wpforms-field-border-radius: 3px;\n--wpforms-field-background-color: #ffffff;\n--wpforms-field-border-color: rgba( 0, 0, 0, 0.25 );\n--wpforms-field-text-color: rgba( 0, 0, 0, 0.7 );\n--wpforms-label-color: rgba( 0, 0, 0, 0.85 );\n--wpforms-label-sublabel-color: rgba( 0, 0, 0, 0.55 );\n--wpforms-label-error-color: #d63637;\n--wpforms-button-border-radius: 3px;\n--wpforms-button-background-color: #066aab;\n--wpforms-button-text-color: #ffffff;\n--wpforms-field-size-input-height: 43px;\n--wpforms-field-size-input-spacing: 15px;\n--wpforms-field-size-font-size: 16px;\n--wpforms-field-size-line-height: 19px;\n--wpforms-field-size-padding-h: 14px;\n--wpforms-field-size-checkbox-size: 16px;\n--wpforms-field-size-sublabel-spacing: 5px;\n--wpforms-field-size-icon-size: 1;\n--wpforms-label-size-font-size: 16px;\n--wpforms-label-size-line-height: 19px;\n--wpforms-label-size-sublabel-font-size: 14px;\n--wpforms-label-size-sublabel-line-height: 17px;\n--wpforms-button-size-font-size: 17px;\n--wpforms-button-size-height: 41px;\n--wpforms-button-size-padding-h: 15px;\n--wpforms-button-size-margin-top: 10px;\n\n\t\t\t\t}\n\t\t\t<\/style><style id=\"wpforms-css-vars-132-block-ea07703b-802c-4886-96c7-7a97b63d1781\">\n\t\t\t\t#wpforms-132.wpforms-block-ea07703b-802c-4886-96c7-7a97b63d1781 {\n\t\t\t\t\t--wpforms-field-text-color: var(--colorBorder);\n--wpforms-label-color: #ffffff;\n--wpforms-label-sublabel-color: #ffffff;\n--wpforms-button-background-color: #ffffff;\n--wpforms-button-text-color: #000000;\n--wpforms-label-size-font-size: 14px;\n--wpforms-label-size-line-height: 17px;\n--wpforms-label-size-sublabel-font-size: 13px;\n--wpforms-label-size-sublabel-line-height: 16px;\n--wpforms-button-size-font-size: 14px;\n--wpforms-button-size-height: 37px;\n--wpforms-button-size-padding-h: 15px;\n--wpforms-button-size-margin-top: 5px;\n\n\t\t\t\t}\n\t\t\t<\/style><div class=\"wpforms-container wpforms-container-full wpforms-block wpforms-block-ea07703b-802c-4886-96c7-7a97b63d1781 wpforms-render-modern\" id=\"wpforms-132\"><form id=\"wpforms-form-132\" class=\"wpforms-validate wpforms-form wpforms-ajax-form\" data-formid=\"132\" method=\"post\" enctype=\"multipart\/form-data\" action=\"\/index\/wp-json\/wp\/v2\/pages\/27\" data-token=\"89065f706dee4f0a2f528aeb34916a1a\"><div class=\"wpforms-head-container\"><div class=\"wpforms-title\">Bookingforesp\u00f8rgsel<\/div><\/div><noscript class=\"wpforms-error-noscript\">Please enable JavaScript in your browser to complete this form.<\/noscript><div class=\"wpforms-hidden\" id=\"wpforms-error-noscript\">Please enable JavaScript in your browser to complete this form.<\/div><div class=\"wpforms-field-container\"><div id=\"wpforms-132-field_10-container\" class=\"wpforms-field wpforms-field-text\" data-field-id=\"10\"><label class=\"wpforms-field-label\" for=\"wpforms-132-field_10\">Arrangementstype <span class=\"wpforms-required-label\" aria-hidden=\"true\">*<\/span><\/label><input type=\"text\" id=\"wpforms-132-field_10\" class=\"wpforms-field-medium wpforms-field-required\" name=\"wpforms[fields][10]\" aria-errormessage=\"wpforms-132-field_10-error\" aria-describedby=\"wpforms-132-field_10-description\" required><div id=\"wpforms-132-field_10-description\" class=\"wpforms-field-description\">Er det et offentligt arrangement (fx byfest), et privat arrangement (fx f\u00f8dselsdag eller bryllup) eller en firmafest (fx julefrokost)<\/div><\/div><div id=\"wpforms-132-field_2-container\" class=\"wpforms-field wpforms-field-text\" data-field-id=\"2\"><label class=\"wpforms-field-label\" for=\"wpforms-132-field_2\">Dato for dit arrangement <span class=\"wpforms-required-label\" aria-hidden=\"true\">*<\/span><\/label><input type=\"text\" id=\"wpforms-132-field_2\" class=\"wpforms-field-medium wpforms-field-required\" name=\"wpforms[fields][2]\" aria-errormessage=\"wpforms-132-field_2-error\" aria-describedby=\"wpforms-132-field_2-description\" required><div id=\"wpforms-132-field_2-description\" class=\"wpforms-field-description\">Angiv hvilken dag begivenheden finder sted<\/div><\/div><div id=\"wpforms-132-field_5-container\" class=\"wpforms-field wpforms-field-text\" data-field-id=\"5\"><label class=\"wpforms-field-label\" for=\"wpforms-132-field_5\">Tidspunkt for optr\u00e6den <span class=\"wpforms-required-label\" aria-hidden=\"true\">*<\/span><\/label><input type=\"text\" id=\"wpforms-132-field_5\" class=\"wpforms-field-medium wpforms-field-required\" name=\"wpforms[fields][5]\" aria-errormessage=\"wpforms-132-field_5-error\" aria-describedby=\"wpforms-132-field_5-description\" required><div id=\"wpforms-132-field_5-description\" class=\"wpforms-field-description\">Skriv i hvilket tidsrum, I \u00f8nsker at bandet skal optr\u00e6de<\/div><\/div><div id=\"wpforms-132-field_8-container\" class=\"wpforms-field wpforms-field-text\" data-field-id=\"8\"><label class=\"wpforms-field-label\" for=\"wpforms-132-field_8\">Sted <span class=\"wpforms-required-label\" aria-hidden=\"true\">*<\/span><\/label><input type=\"text\" id=\"wpforms-132-field_8\" class=\"wpforms-field-medium wpforms-field-required\" name=\"wpforms[fields][8]\" aria-errormessage=\"wpforms-132-field_8-error\" aria-describedby=\"wpforms-132-field_8-description\" required><div id=\"wpforms-132-field_8-description\" class=\"wpforms-field-description\">Hvor foreg\u00e5r arrangementet? Angiv venligst pr\u00e6cis adresse hvis muligt<\/div><\/div><div id=\"wpforms-132-field_7-container\" class=\"wpforms-field wpforms-field-text\" data-field-id=\"7\"><label class=\"wpforms-field-label\" for=\"wpforms-132-field_7\">Forventet antal g\u00e6ster<\/label><input type=\"text\" id=\"wpforms-132-field_7\" class=\"wpforms-field-medium\" name=\"wpforms[fields][7]\" aria-errormessage=\"wpforms-132-field_7-error\" ><\/div><div id=\"wpforms-132-field_6-container\" class=\"wpforms-field wpforms-field-textarea\" data-field-id=\"6\"><label class=\"wpforms-field-label\" for=\"wpforms-132-field_6\">\u00d8vrig beskrivelse af arrangementet\/festen<\/label><textarea id=\"wpforms-132-field_6\" class=\"wpforms-field-medium\" name=\"wpforms[fields][6]\" aria-errormessage=\"wpforms-132-field_6-error\" aria-describedby=\"wpforms-132-field_6-description\" ><\/textarea><div id=\"wpforms-132-field_6-description\" class=\"wpforms-field-description\">Her kan du skrive, hvis der er andet, vi skal v\u00e6re opm\u00e6rksomme p\u00e5 &#8211; fx s\u00e6rlige \u00f8nsker <\/div><\/div><div id=\"wpforms-132-field_1-container\" class=\"wpforms-field wpforms-field-name\" data-field-id=\"1\"><label class=\"wpforms-field-label\" for=\"wpforms-132-field_1\">Navn <span class=\"wpforms-required-label\" aria-hidden=\"true\">*<\/span><\/label><input type=\"text\" id=\"wpforms-132-field_1\" class=\"wpforms-field-medium wpforms-field-required\" name=\"wpforms[fields][1]\" aria-errormessage=\"wpforms-132-field_1-error\" aria-describedby=\"wpforms-132-field_1-description\" required><div id=\"wpforms-132-field_1-description\" class=\"wpforms-field-description\">Dit navn<\/div><\/div><div id=\"wpforms-132-field_3-container\" class=\"wpforms-field wpforms-field-email\" data-field-id=\"3\"><label class=\"wpforms-field-label\" for=\"wpforms-132-field_3\">Email <span class=\"wpforms-required-label\" aria-hidden=\"true\">*<\/span><\/label><input type=\"email\" id=\"wpforms-132-field_3\" class=\"wpforms-field-medium wpforms-field-required\" name=\"wpforms[fields][3]\" spellcheck=\"false\" aria-errormessage=\"wpforms-132-field_3-error\" aria-describedby=\"wpforms-132-field_3-description\" required><div id=\"wpforms-132-field_3-description\" class=\"wpforms-field-description\">Din emailadresse<\/div><\/div><div id=\"wpforms-132-field_4-container\" class=\"wpforms-field wpforms-field-number\" data-field-id=\"4\"><label class=\"wpforms-field-label\" for=\"wpforms-132-field_4\">Telefon<\/label><input type=\"number\" pattern=\"\\d*\" id=\"wpforms-132-field_4\" class=\"wpforms-field-medium\" name=\"wpforms[fields][4]\" aria-errormessage=\"wpforms-132-field_4-error\" aria-describedby=\"wpforms-132-field_4-description\" ><div id=\"wpforms-132-field_4-description\" class=\"wpforms-field-description\">Dit telefonnummer<\/div><\/div><\/div><!-- .wpforms-field-container --><div class=\"wpforms-submit-container\" ><input type=\"hidden\" name=\"wpforms[id]\" value=\"132\"><input type=\"hidden\" name=\"wpforms[author]\" value=\"1\"><button type=\"submit\" name=\"wpforms[submit]\" id=\"wpforms-submit-132\" class=\"wpforms-submit\" data-alt-text=\"Sending...\" data-submit-text=\"Send\" aria-live=\"assertive\" value=\"wpforms-submit\">Send<\/button><img decoding=\"async\" loading=\"lazy\" src=\"https:\/\/hitmedhits.dk\/index\/wp-content\/plugins\/wpforms-lite\/assets\/images\/submit-spin.svg\" class=\"wpforms-submit-spinner\" style=\"display: none;\" width=\"26\" height=\"26\" alt=\"Loading\"><\/div><\/form><\/div>  <!-- .wpforms-container --><\/div>\n\n\n\n<div class=\"is-layout-flow wp-block-column\" style=\"flex-basis:15%\"><\/div>\n<\/div>\n\n\n\n<p class=\"has-text-align-center has-large-font-size\"><\/p>\n\n\n\n<div class=\"is-layout-flex wp-container-8 wp-block-columns\">\n<div class=\"is-layout-flow wp-block-column\"><\/div>\n\n\n\n<div class=\"is-layout-flow wp-block-column\"><\/div>\n\n\n\n<div class=\"is-layout-flow wp-block-column\"><\/div>\n<\/div>\n<\/div><\/div>\n","protected":false},"excerpt":{"rendered":"","protected":false},"author":1,"featured_media":55,"parent":0,"menu_order":0,"comment_status":"closed","ping_status":"closed","template":"page-templates\/header-overlap.php","meta":{"_seopress_robots_primary_cat":"","_seopress_titles_title":"","_seopress_titles_desc":"","_seopress_robots_index":""},"_links":{"self":[{"href":"https:\/\/hitmedhits.dk\/index\/wp-json\/wp\/v2\/pages\/27"}],"collection":[{"href":"https:\/\/hitmedhits.dk\/index\/wp-json\/wp\/v2\/pages"}],"about":[{"href":"https:\/\/hitmedhits.dk\/index\/wp-json\/wp\/v2\/types\/page"}],"author":[{"embeddable":true,"href":"https:\/\/hitmedhits.dk\/index\/wp-json\/wp\/v2\/users\/1"}],"replies":[{"embeddable":true,"href":"https:\/\/hitmedhits.dk\/index\/wp-json\/wp\/v2\/comments?post=27"}],"version-history":[{"count":21,"href":"https:\/\/hitmedhits.dk\/index\/wp-json\/wp\/v2\/pages\/27\/revisions"}],"predecessor-version":[{"id":223,"href":"https:\/\/hitmedhits.dk\/index\/wp-json\/wp\/v2\/pages\/27\/revisions\/223"}],"wp:featuredmedia":[{"embeddable":true,"href":"https:\/\/hitmedhits.dk\/index\/wp-json\/wp\/v2\/media\/55"}],"wp:attachment":[{"href":"https:\/\/hitmedhits.dk\/index\/wp-json\/wp\/v2\/media?parent=27"}],"curies":[{"name":"wp","href":"https:\/\/api.w.org\/{rel}","templated":true}]}}