{"id":26,"date":"2024-02-12T09:08:57","date_gmt":"2024-02-12T08:08:57","guid":{"rendered":"https:\/\/hitmedhits.dk\/index\/?page_id=26"},"modified":"2024-07-15T10:43:58","modified_gmt":"2024-07-15T08:43:58","slug":"repertoire","status":"publish","type":"page","link":"https:\/\/hitmedhits.dk\/index\/repertoire\/","title":{"rendered":"Det spiller vi"},"content":{"rendered":"\n<div class=\"wp-block-cover alignfull has-parallax\" style=\"padding-top:15vw;padding-bottom:15vw;min-height:100vh\"><span aria-hidden=\"true\" class=\"wp-block-cover__background has-background-dim-70 has-background-dim\"><\/span><div role=\"img\" class=\"wp-block-cover__image-background wp-image-55 has-parallax\" style=\"background-position:50% 50%;background-image:url(https:\/\/hitmedhits.dk\/index\/wp-content\/uploads\/2024\/02\/pexels-mauricio-mascaro-801863-scaled.jpg)\"><\/div><div class=\"wp-block-cover__inner-container\">\n<div style=\"height:125px\" aria-hidden=\"true\" class=\"wp-block-spacer\"><\/div>\n\n\n\n<p class=\"has-text-align-center has-xxl-font-size\">Det spiller vi<\/p>\n\n\n\n<div class=\"is-layout-flex wp-container-4 wp-block-columns\">\n<div class=\"is-layout-flow wp-block-column\" style=\"flex-basis:15%\"><\/div>\n\n\n\n<div class=\"is-layout-flow wp-block-column\" style=\"flex-basis:70%\">\n<p class=\"has-text-align-left\">Hit Med Hits spiller et bredt repertoire af danske og internationale pop, rock, funk og dance-numre fra de seneste fem \u00e5rtier.<\/p>\n\n\n\n<p class=\"has-text-align-left\">Herunder kan du se et udpluk af vores repertoire. <\/p>\n\n\n\n<blockquote class=\"wp-block-quote\">\n<p>All my love (Rocazino)<br>Angels (Robbie Williams)<br>Are you gonna go my way (Lenny Kravitz)<br>Black velvet (Alannah Myles)<br>Den jeg elsker (S\u00f8s Fenger og Thomas Helmig)<br>Den lille l\u00f8gn (Sanne Salomonsen)<br>Don\u2019t know much about love (Hanne Boel)<br>Drunk in the morning (Lukas Graham)<br>En som dig (Back To Back)<br>I feel good (James Brown)<br>I wish (Stevie Wonder)<br>Heaven is a place on earth (Belinda Carlisle)<br>Hot stuff (Donna Summer)<br>Inga Katinka (Kim Larsen)<br>Ironic (Alanis Morissette)<br>I wanna be dancing (Drew Sycamore)<br>Jeg vil lade lyset br\u00e6nde (Ray Dee Ohh)<br>Kom tilbage nu (Danseorkestret)<br>Mercy (Duffy)<br>The Best (Tina Turner)<br>Thinking out loud (Ed Sheeran)<br>Ud under \u00e5ben himmel (T\u00f8sedrengene)<br>Use somebody (Kings of Leon)<br>V\u00e5gner i natten (Dodo And The Dodos)<br>Watermelon sugar (Harry Styles)<\/p>\n<\/blockquote>\n\n\n\n<h2 class=\"has-text-align-left\">Du kan ogs\u00e5 lytte til noget af musikken i videoen her<\/h2>\n<\/div>\n\n\n\n<div class=\"is-layout-flow wp-block-column\" style=\"flex-basis:15%\"><\/div>\n<\/div>\n\n\n<!--presto-player:video_id=1--><figure class=\"wp-block-video presto-block-video aligncenter presto-provider-self-hosted\" style=\"--plyr-color-main: #ff009c; --presto-player-logo-width: 150px; \">\n    <presto-player  id=\"presto-player-1\" src=\"https:\/\/hitmedhits.dk\/index\/wp-content\/uploads\/2024\/02\/hitmedhits_mix.mp4\" media-title=\"Hit Med Hits mix\" css=\"\" class=\"presto-video-id-1 presto-preset-id-1 skin-modern\" skin=\"modern\" icon-url=\"https:\/\/hitmedhits.dk\/index\/wp-content\/plugins\/presto-player\/img\/sprite.svg\" preload=\"\" poster=\"\" playsinline  >\n                    <video controls preload=\"none\">\n            <source src=\"https:\/\/hitmedhits.dk\/index\/wp-content\/uploads\/2024\/02\/hitmedhits_mix.mp4\" \/>\n        <\/video>\n    \n\n    <\/presto-player>\n<\/figure>        <script>\n            var player = document.querySelector('presto-player#presto-player-1');\n            player.video_id = 1;\n                                                player.preset = {\"id\":1,\"name\":\"Default\",\"slug\":\"default\",\"icon\":\"format-video\",\"skin\":\"modern\",\"play-large\":true,\"rewind\":true,\"play\":true,\"fast-forward\":true,\"progress\":true,\"current-time\":true,\"mute\":true,\"volume\":true,\"speed\":false,\"pip\":false,\"fullscreen\":true,\"captions\":false,\"reset_on_end\":true,\"auto_hide\":true,\"captions_enabled\":false,\"save_player_position\":true,\"sticky_scroll\":false,\"sticky_scroll_position\":\"bottom right\",\"on_video_end\":\"select\",\"play_video_viewport\":false,\"hide_youtube\":false,\"lazy_load_youtube\":false,\"hide_logo\":false,\"border_radius\":0,\"caption_style\":\"\",\"caption_background\":\"\",\"is_locked\":true,\"cta\":[\"\"],\"watermark\":[\"\"],\"search\":[\"\"],\"email_collection\":[\"\"],\"action_bar\":[\"\"],\"created_by\":1,\"created_at\":\"2024-02-11 20:18:58\",\"updated_at\":\"2024-02-11 20:18:58\",\"deleted_at\":\"\"};\n                                                                player.chapters = [];\n                                                                player.overlays = [];\n                                                                player.tracks = [];\n                                                                player.branding = {\"logo\":\"\",\"color\":\"#ff009c\",\"logo_width\":150,\"player_css\":\"\"};\n                                                                player.blockAttributes = {\"id\":1,\"attachment_id\":7,\"src\":\"https:\\\/\\\/hitmedhits.dk\\\/index\\\/wp-content\\\/uploads\\\/2024\\\/02\\\/hitmedhits_mix.mp4\",\"poster\":\"\",\"preset\":1,\"align\":\"center\",\"visibility\":\"public\",\"color\":\"#00b3ff\",\"mutedPreview\":{\"enabled\":false,\"captions\":false},\"mutedOverlay\":{\"enabled\":false,\"src\":\"\",\"width\":200,\"focalPoint\":{\"x\":0.5,\"y\":0.5}},\"mutedOverlayType\":\"text\",\"mutedOverlayText\":\"Click to play\",\"mutedOverlayImageWidth\":200,\"playsInline\":true,\"chapters\":[],\"overlays\":[],\"tracks\":[],\"title\":\"Hit Med Hits mix\"};\n                                                                                            player.skin = \"modern\";\n                                                                player.analytics = false;\n                                                                player.automations = true;\n                                                                player.provider = \"self-hosted\";\n                                                                                                                                                                                player.youtube = {\"noCookie\":false,\"channelId\":\"\",\"show_count\":false};\n                                    <\/script>\n        <\/div><\/div>\n","protected":false},"excerpt":{"rendered":"","protected":false},"author":1,"featured_media":55,"parent":0,"menu_order":0,"comment_status":"closed","ping_status":"closed","template":"page-templates\/header-overlap.php","meta":{"_seopress_robots_primary_cat":"","_seopress_titles_title":"","_seopress_titles_desc":"","_seopress_robots_index":""},"_links":{"self":[{"href":"https:\/\/hitmedhits.dk\/index\/wp-json\/wp\/v2\/pages\/26"}],"collection":[{"href":"https:\/\/hitmedhits.dk\/index\/wp-json\/wp\/v2\/pages"}],"about":[{"href":"https:\/\/hitmedhits.dk\/index\/wp-json\/wp\/v2\/types\/page"}],"author":[{"embeddable":true,"href":"https:\/\/hitmedhits.dk\/index\/wp-json\/wp\/v2\/users\/1"}],"replies":[{"embeddable":true,"href":"https:\/\/hitmedhits.dk\/index\/wp-json\/wp\/v2\/comments?post=26"}],"version-history":[{"count":31,"href":"https:\/\/hitmedhits.dk\/index\/wp-json\/wp\/v2\/pages\/26\/revisions"}],"predecessor-version":[{"id":224,"href":"https:\/\/hitmedhits.dk\/index\/wp-json\/wp\/v2\/pages\/26\/revisions\/224"}],"wp:featuredmedia":[{"embeddable":true,"href":"https:\/\/hitmedhits.dk\/index\/wp-json\/wp\/v2\/media\/55"}],"wp:attachment":[{"href":"https:\/\/hitmedhits.dk\/index\/wp-json\/wp\/v2\/media?parent=26"}],"curies":[{"name":"wp","href":"https:\/\/api.w.org\/{rel}","templated":true}]}}