{"id":23,"date":"2024-02-12T09:08:56","date_gmt":"2024-02-12T08:08:56","guid":{"rendered":"https:\/\/hitmedhits.dk\/index\/?page_id=23"},"modified":"2024-11-12T08:16:59","modified_gmt":"2024-11-12T07:16:59","slug":"home","status":"publish","type":"page","link":"https:\/\/hitmedhits.dk\/index\/","title":{"rendered":"Home"},"content":{"rendered":"\n<div class=\"wp-block-cover alignfull has-parallax\" style=\"padding-top:15vw;padding-bottom:15vw;min-height:100vh\"><span aria-hidden=\"true\" class=\"wp-block-cover__background has-background-dim-70 has-background-dim\"><\/span><div role=\"img\" class=\"wp-block-cover__image-background wp-image-55 has-parallax\" style=\"background-position:50% 50%;background-image:url(https:\/\/hitmedhits.dk\/index\/wp-content\/uploads\/2024\/02\/pexels-mauricio-mascaro-801863-scaled.jpg)\"><\/div><div class=\"wp-block-cover__inner-container\">\n<div style=\"height:125px\" aria-hidden=\"true\" class=\"wp-block-spacer\"><\/div>\n\n\n\n<p class=\"has-text-align-center mb-05 is-style-small-text\" style=\"margin-top:var(--wp--preset--spacing--20);margin-right:var(--wp--preset--spacing--20);margin-bottom:var(--wp--preset--spacing--20);margin-left:var(--wp--preset--spacing--20)\">DANS OG SYNG TIL De <mark style=\"background-color:rgba(0, 0, 0, 0)\" class=\"has-inline-color has-main-color\">ST\u00d8RSTE HITS<\/mark> FRA FEM \u00c5RTIER<br><\/p>\n\n\n\n<h2 class=\"has-text-align-center has-xxl-font-size\" style=\"margin-top:0em;margin-bottom:1em\"><strong><mark style=\"background-color:rgba(0, 0, 0, 0)\" class=\"has-inline-color has-main-color\">Hit Med Hits <\/mark><\/strong><mark style=\"background-color:rgba(0, 0, 0, 0)\" class=\"has-inline-color has-dark-muted-color\">til <\/mark><br><mark style=\"background-color:rgba(0, 0, 0, 0)\" class=\"has-inline-color has-dark-muted-color\">alle slags fester<\/mark> <br>og g\u00e6ster<\/h2>\n\n\n\n<h4 class=\"has-text-align-center mt-0\">Hit Med Hits er et funky femmands partyband fra Aarhus-omr\u00e5det. Vi spiller til b\u00e5de privatfester, firmafester og offentlige arrangementer.  Og med den fremragende sangerinde Kristina Lynggaard i front er der d\u00f8mt fest, dans og sing-a-long uanset anledningen. <\/h4>\n\n\n\n<h4 class=\"has-text-align-center mt-0\">Kontakt os og h\u00f8r, hvordan vi ogs\u00e5 kan g\u00f8re din fest eller dit arrangement til et hit!<br><\/h4>\n\n\n\n<div class=\"is-content-justification-center is-layout-flex wp-container-1 wp-block-buttons\" style=\"margin-top:80px;margin-bottom:0px\">\n<div class=\"wp-block-button\"><a class=\"wp-block-button__link wp-element-button\" href=\"https:\/\/hitmedhits.dk\/index\/wp-content\/uploads\/2024\/02\/hitmedhits_mix.mp4\" target=\"_blank\" rel=\"noreferrer noopener\">H\u00f8r musikken<\/a><\/div>\n\n\n\n<div class=\"wp-block-button is-style-arrow-transparent\"><a class=\"wp-block-button__link wp-element-button\" href=\"https:\/\/hitmedhits.dk\/index\/?page_id=27\">Kontakt og booking<\/a><\/div>\n<\/div>\n<\/div><\/div>\n\n\n\n<div style=\"height:100px\" aria-hidden=\"true\" class=\"wp-block-spacer\"><\/div>\n","protected":false},"excerpt":{"rendered":"","protected":false},"author":1,"featured_media":55,"parent":0,"menu_order":0,"comment_status":"closed","ping_status":"closed","template":"page-templates\/header-overlap.php","meta":{"_seopress_robots_primary_cat":"","_seopress_titles_title":"","_seopress_titles_desc":"","_seopress_robots_index":""},"_links":{"self":[{"href":"https:\/\/hitmedhits.dk\/index\/wp-json\/wp\/v2\/pages\/23"}],"collection":[{"href":"https:\/\/hitmedhits.dk\/index\/wp-json\/wp\/v2\/pages"}],"about":[{"href":"https:\/\/hitmedhits.dk\/index\/wp-json\/wp\/v2\/types\/page"}],"author":[{"embeddable":true,"href":"https:\/\/hitmedhits.dk\/index\/wp-json\/wp\/v2\/users\/1"}],"replies":[{"embeddable":true,"href":"https:\/\/hitmedhits.dk\/index\/wp-json\/wp\/v2\/comments?post=23"}],"version-history":[{"count":26,"href":"https:\/\/hitmedhits.dk\/index\/wp-json\/wp\/v2\/pages\/23\/revisions"}],"predecessor-version":[{"id":244,"href":"https:\/\/hitmedhits.dk\/index\/wp-json\/wp\/v2\/pages\/23\/revisions\/244"}],"wp:featuredmedia":[{"embeddable":true,"href":"https:\/\/hitmedhits.dk\/index\/wp-json\/wp\/v2\/media\/55"}],"wp:attachment":[{"href":"https:\/\/hitmedhits.dk\/index\/wp-json\/wp\/v2\/media?parent=23"}],"curies":[{"name":"wp","href":"https:\/\/api.w.org\/{rel}","templated":true}]}}